{"id":350,"date":"2023-02-20T16:38:23","date_gmt":"2023-02-20T16:38:23","guid":{"rendered":"https:\/\/draevelynalba.com\/?page_id=350"},"modified":"2023-09-12T09:02:14","modified_gmt":"2023-09-12T09:02:14","slug":"aviso-legal","status":"publish","type":"page","link":"http:\/\/draevelynalba.com\/es_es\/aviso-legal\/","title":{"rendered":"Aviso Legal"},"content":{"rendered":"\n<p><\/p>\n\n\n\n<p>En cumplimiento del art\u00edculo 10 de la Ley 34\/2002, de 11 de julio, de Servicios de la Sociedad de la Informaci\u00f3n y del Comercio Electr\u00f3nico (LSSICE), <strong>Evelyn Carolina Alba Villamizar <\/strong>(en adelante, \u201cDra. Evelyn Alba\u201d), Responsable de esta web, pone a disposici\u00f3n de los Usuarios la presente informaci\u00f3n, para definir sus Condiciones de Uso.<\/p>\n\n\n\n<p>Adicionalmente, a los contenidos aqu\u00ed expuestos, los aspectos espec\u00edficos relacionados con la protecci\u00f3n de los datos personales y la privacidad de los usuarios de esta web se desarrollan en las p\u00e1ginas de Pol\u00edtica de Privacidad y Pol\u00edtica de Cookies.<\/p>\n\n\n\n<p><\/p>\n\n\n\n<p class=\"has-medium-font-size\"><strong>Identidad del Responsable del Tratamiento<\/strong><\/p>\n\n\n\n<p><strong>Denominaci\u00f3n Social: <\/strong>Evelyn Carolina Alba Villamizar S.L<\/p>\n\n\n\n<p><strong>Nombre Comercial: <\/strong>Dra. Evelyn Alba<\/p>\n\n\n\n<p><strong>CIF \/ NIF:&nbsp; <\/strong>26591121Q<\/p>\n\n\n\n<p><strong>Domicilio Social: <\/strong>Carrer sant Salvador 7, 2do 3era, 08950 Barcelona<\/p>\n\n\n\n<p><strong>Actividad Principal: <\/strong>\u00abOTRAS ACTIVIDADES SANITARIAS\u00bb (CNAE: 8690). \u2013 \u00abLA GESTI\u00d3N INTEGRAL DE CENTRO CL\u00cdNICO MULTIDISCIPLINAR PARA LA PRESTACI\u00d3N DE [-] SERVICIOS DE MEDICINA GENERAL, TODA CLASE DE ESPECIALIDADES M\u00c9DICAS, DENTISTA, MEDICINA LABORAL Y EMISI\u00d3N DE INFORMES PSICOT\u00c9CNICOS, CONSULTOR\u00cdA M\u00c9DICA Y DESARROLLO<\/p>\n\n\n\n<p><strong>Tel\u00e9fono: <\/strong>+34 932172548<\/p>\n\n\n\n<p><strong>E-Mail: <\/strong>dra.evealba@gmail.com<\/p>\n\n\n\n<p><strong>Nombre de Dominio: <\/strong>www.draevelynalba.com<\/p>\n\n\n\n<p><strong>Registro de Tratamientos conforme al RGPD: <\/strong>Clientes\/Proveedores, Listas de Correo, Empleados, Selecci\u00f3n de Personal, Historias Cl\u00ednicas y Usuarios Web.<\/p>\n\n\n\n<p><\/p>\n\n\n\n<p><strong>Finalidad de la Web<\/strong><\/p>\n\n\n\n<p>La web de \u201c<strong>Dra. Evelyn Alba<\/strong>\u201d tiene la finalidad de informar a clientes y potenciales clientes de sus productos y\/o servicios, datos de contacto, ubicaci\u00f3n, etc. Adem\u00e1s, en su caso, tambi\u00e9n tendr\u00e1 la finalidad de divulgar informaci\u00f3n relacionada con el sector de actividad del Responsable.<\/p>\n\n\n\n<p><\/p>\n\n\n\n<p><strong>Marco Normativo<\/strong><\/p>\n\n\n\n<p>La actividad de esta web se encuentra sujeta al marco legal espa\u00f1ol y europeo, concretamente a las siguientes normas:<\/p>\n\n\n\n<ul class=\"wp-block-list\">\n<li>Reglamento General de Protecci\u00f3n de Datos (RGPD) (UE) 2016\/679, de 27 de abril, que regula el tratamiento de datos personales en los pa\u00edses de la Uni\u00f3n Europea.<strong><em><\/em><\/strong><\/li>\n\n\n\n<li>Ley Org\u00e1nica 3\/2018, de 5 de diciembre, sobre Protecci\u00f3n de Datos Personales y Garant\u00eda de los Derechos Digitales (LOPD y GDD), norma de \u00e1mbito regional (aplicable a Espa\u00f1a), y que define y ampl\u00eda muchos de los conceptos y derechos presentes en el RGPD.<strong><em><\/em><\/strong><\/li>\n\n\n\n<li>Ley 34\/2002, de 11 de julio, de Servicios de la Sociedad de la Informaci\u00f3n y del Comercio Electr\u00f3nico (LSSICE), norma que afecta a aquellas webs que, de alguna forma, realicen actividades econ\u00f3micas mediante medios electr\u00f3nicos, como es el caso de esta web.<strong><em><\/em><\/strong><\/li>\n<\/ul>\n\n\n\n<p><\/p>\n\n\n\n<p class=\"has-medium-font-size\"><strong>Condiciones de Uso y Responsabilidades<\/strong><\/p>\n\n\n\n<p>Toda persona que acceda a este sitio web asume el papel de Usuario, comprometi\u00e9ndose a la observancia y cumplimiento riguroso de las condiciones aqu\u00ed dispuestas, as\u00ed como a cualquiera otra disposici\u00f3n legal que fuera de aplicaci\u00f3n. <strong>\u201cDra. Evelyn Alba\u201d<\/strong> no se har\u00e1 responsable de los da\u00f1os y perjuicios, propios o a terceros, producidos por el uso inadecuado de este sitio web por parte del Usuario.<\/p>\n\n\n\n<p>El contenido de esta web, por tanto, no puede ser considerado, en ning\u00fan caso, sustitutivo de asesoramiento legal.<\/p>\n\n\n\n<p>\u201c<strong>Dra. Evelyn Alba<\/strong>\u201d se reserva el derecho a modificar cualquier tipo de informaci\u00f3n que pudiera aparecer en la web, en cualquier momento y sin previo aviso, sin que exista obligaci\u00f3n de preavisar o poner en conocimiento de los Usuarios dichas obligaciones, entendi\u00e9ndose como suficiente la publicaci\u00f3n en el presente sitio web.<\/p>\n\n\n\n<p>Este sitio web ha sido revisado y probado para que funcione correctamente de manera ininterrumpida. No obstante, \u201c<strong>Dra. Evelyn Alba<\/strong>\u201d no descarta la posibilidad de que existan ciertos errores de programaci\u00f3n, falta de disponibilidad puntual (por ejemplo, ca\u00eddas del servidor, o mantenimiento del mismo) o que acontezcan causas de fuerza mayor, cat\u00e1strofes naturales, huelgas, o circunstancias semejantes que hagan imposible el acceso temporal a la p\u00e1gina web.<\/p>\n\n\n\n<p>De igual forma, \u201c<strong>Dra. Evelyn Alba<\/strong>\u201d no&nbsp;puede&nbsp;garantizar el funcionamiento ininterrumpido o totalmente libre de errores de esta web, ni se responsabiliza de los virus que tengan su origen en una transmisi\u00f3n telem\u00e1tica infiltrados por terceros generados con la finalidad de obtener resultados negativos para un sistema inform\u00e1tico.<\/p>\n\n\n\n<p>El Usuario se compromete a no utilizar esta web ni, si es el caso, los servicios o productos ofrecidos en la misma, para la realizaci\u00f3n de actividades contrarias a la ley, al orden p\u00fablico o a estas condiciones de uso. Por tanto, \u201c<strong>Dra. Evelyn Alba<\/strong>\u201d no se hace responsable de la informaci\u00f3n y contenidos almacenados, a t\u00edtulo enunciativo, pero no limitativo, en foros, chat\u00b4s, generadores de blogs, comentarios, redes sociales o cualquier otro medio que permita a terceros publicar contenidos.<\/p>\n\n\n\n<p>No obstante, y en cumplimiento de lo dispuesto en el art. 11 y 16 de la LSSI-CE, <strong>\u201cDra. Evelyn Alba\u201d<\/strong> se pone a disposici\u00f3n de todos los Usuarios, autoridades y fuerzas de seguridad, colaborando de forma activa en la retirada o en su caso bloqueo de todos aquellos contenidos que pudieran afectar o contravenir la legislaci\u00f3n nacional, o internacional, derechos de terceros, o la moral y el orden p\u00fablico. En caso de que un Usuario considere que existe en la web alg\u00fan contenido que pudiera ser susceptible de esta clasificaci\u00f3n, se ruega lo notifique de forma inmediata a nuestro personal.<\/p>\n\n\n\n<p>\u201c<strong>Dra. Evelyn Alba<\/strong>\u201d se reserva el derecho a denegar o retirar el acceso a la web sin necesidad de advertencia previa, a instancia propia o de un tercero, a aquellos Usuarios que incumplan nuestras Condiciones de Uso.<\/p>\n\n\n\n<p><\/p>\n\n\n\n<p class=\"has-medium-font-size\"><strong>Propiedad Intelectual<\/strong><\/p>\n\n\n\n<p>El sitio web, incluyendo a t\u00edtulo enunciativo, pero no limitativo su programaci\u00f3n, edici\u00f3n, compilaci\u00f3n y dem\u00e1s elementos necesarios para su funcionamiento, los dise\u00f1os, logotipos, texto y\/o gr\u00e1ficos son propiedad de \u201c<strong>Dra. Evelyn Alba<\/strong>\u201d o, en su caso, dispone de licencia o autorizaci\u00f3n expresa por parte de los autores.<\/p>\n\n\n\n<p>Todos los contenidos del sitio web se encuentran debidamente protegidos por la normativa de propiedad intelectual e industrial, as\u00ed como inscritos en los registros p\u00fablicos correspondientes, y no se permite la reproducci\u00f3n y\/o publicaci\u00f3n, total o parcial, del sitio web, ni su tratamiento inform\u00e1tico, su distribuci\u00f3n, difusi\u00f3n,&nbsp;modificaci\u00f3n o transformaci\u00f3n, sin el permiso previo y por escrito del mismo. \u201c<strong>Dra. Evelyn Alba<\/strong>\u201d velar\u00e1 por el cumplimiento de las anteriores condiciones, as\u00ed como por la debida utilizaci\u00f3n de los contenidos presentados en sus p\u00e1ginas web, ejercitando todas las acciones civiles y penales que le correspondan en el caso de infracci\u00f3n o incumplimiento de estos derechos por parte del Usuario.<\/p>\n\n\n\n<p>Los dise\u00f1os, logotipos, texto y\/o gr\u00e1ficos ajenos a \u201c<strong>Dra. Evelyn Alba<\/strong>\u201d y que pudieran aparecer en el sitio web, pertenecen a sus respectivos propietarios, siendo ellos mismos responsables de cualquier posible controversia que pudiera suscitarse respecto a los mismos.<\/p>\n\n\n\n<p>En todo caso, \u201c<strong>Dra. Evelyn Alba<\/strong>\u201d cuenta con la autorizaci\u00f3n expresa y previa por parte de los mismos. \u201c<strong>Dra. Evelyn Alba<\/strong>\u201d reconoce a favor de sus titulares los correspondientes derechos de propiedad industrial e intelectual, no implicando su sola menci\u00f3n o aparici\u00f3n en el sitio web la existencia de derechos o responsabilidad alguna del Responsable sobre los mismos, como tampoco respaldo, patrocinio o recomendaci\u00f3n por parte del mismo.<\/p>\n\n\n\n<p><\/p>\n\n\n\n<p class=\"has-medium-font-size\"><strong>Enlaces de terceros<\/strong><\/p>\n\n\n\n<p>\u201c<strong>Dra. Evelyn Alba<\/strong>\u201d puede poner a&nbsp;disposici\u00f3n del&nbsp;Usuario&nbsp;enlaces u otros elementos que permiten el acceso hacia otros sitios web pertenecientes a terceros. No comercializamos los productos y\/o servicios de dichas p\u00e1ginas enlazadas, ni asumimos ning\u00fan tipo de responsabilidad sobre las mismas, ni sobre la informaci\u00f3n contenida en ellas, ni su veracidad o licitud,&nbsp;ni de cualesquiera efectos que pudieran derivarse.<\/p>\n\n\n\n<p>En todo caso, \u201c<strong>Dra. Evelyn Alba<\/strong>\u201d manifiesta que proceder\u00e1 a la retirada inmediata de cualquier contenido que pudiera contravenir la legislaci\u00f3n nacional o internacional, la moral o el orden p\u00fablico, procediendo a la retirada inmediata de la redirecci\u00f3n a dicho sitio web, poniendo en conocimiento de las autoridades competentes el contenido en cuesti\u00f3n.<\/p>\n\n\n\n<p><\/p>\n\n\n\n<p class=\"has-medium-font-size\"><strong>Ley Aplicable y Jurisdicci\u00f3n<\/strong><\/p>\n\n\n\n<p>El idioma de redacci\u00f3n e interpretaci\u00f3n de este aviso legal es el espa\u00f1ol.<\/p>\n\n\n\n<p>La relaci\u00f3n entre \u201c<strong>Dra. Evelyn Alba<\/strong>\u201d y Usuario se rige en todos y cada uno de sus extremos por la ley espa\u00f1ola, a la que se someten expresamente ambas partes ante cualquier controversia o cuesti\u00f3n relacionada con el presente sitio web o las actividades en \u00e9l desarrolladas.<\/p>\n\n\n\n<p>Por su parte, en el caso de que el usuario tenga su domicilio fuera de Espa\u00f1a, \u201c<strong>Dra. Evelyn Alba<\/strong>\u201d y Usuario se someten, con renuncia expresa a cualquier otro fuero, a los Juzgados y Tribunales competentes de Espa\u00f1a.<\/p>\n","protected":false},"excerpt":{"rendered":"<p>En cumplimiento del art\u00edculo 10 de la Ley 34\/2002, de 11 de julio, de Servicios de la Sociedad de la Informaci\u00f3n y del Comercio Electr\u00f3nico (LSSICE), Evelyn Carolina Alba Villamizar (en adelante, \u201cDra. Evelyn Alba\u201d), Responsable de esta web, pone a disposici\u00f3n de los Usuarios la presente informaci\u00f3n, para definir sus Condiciones de Uso. Adicionalmente, [&hellip;]<\/p>\n","protected":false},"author":2,"featured_media":0,"parent":0,"menu_order":0,"comment_status":"closed","ping_status":"closed","template":"","meta":{"om_disable_all_campaigns":false,"_monsterinsights_skip_tracking":false,"_monsterinsights_sitenote_active":false,"_monsterinsights_sitenote_note":"","_monsterinsights_sitenote_category":0,"footnotes":""},"class_list":["post-350","page","type-page","status-publish","hentry"],"aioseo_notices":[],"_links":{"self":[{"href":"http:\/\/draevelynalba.com\/es_es\/wp-json\/wp\/v2\/pages\/350","targetHints":{"allow":["GET"]}}],"collection":[{"href":"http:\/\/draevelynalba.com\/es_es\/wp-json\/wp\/v2\/pages"}],"about":[{"href":"http:\/\/draevelynalba.com\/es_es\/wp-json\/wp\/v2\/types\/page"}],"author":[{"embeddable":true,"href":"http:\/\/draevelynalba.com\/es_es\/wp-json\/wp\/v2\/users\/2"}],"replies":[{"embeddable":true,"href":"http:\/\/draevelynalba.com\/es_es\/wp-json\/wp\/v2\/comments?post=350"}],"version-history":[{"count":6,"href":"http:\/\/draevelynalba.com\/es_es\/wp-json\/wp\/v2\/pages\/350\/revisions"}],"predecessor-version":[{"id":877,"href":"http:\/\/draevelynalba.com\/es_es\/wp-json\/wp\/v2\/pages\/350\/revisions\/877"}],"wp:attachment":[{"href":"http:\/\/draevelynalba.com\/es_es\/wp-json\/wp\/v2\/media?parent=350"}],"curies":[{"name":"wp","href":"https:\/\/api.w.org\/{rel}","templated":true}]}}